{"id":1424,"date":"2022-04-12T07:35:36","date_gmt":"2022-04-12T06:35:36","guid":{"rendered":"https:\/\/nurstex.ee\/beach-hut\/"},"modified":"2025-03-21T08:37:58","modified_gmt":"2025-03-21T07:37:58","slug":"beach-hut","status":"publish","type":"page","link":"https:\/\/nurstex.ee\/en\/beach-hut\/","title":{"rendered":"Beach house"},"content":{"rendered":"\t\t<div data-elementor-type=\"wp-page\" data-elementor-id=\"1424\" class=\"elementor elementor-1424 elementor-182\" data-elementor-post-type=\"page\">\n\t\t\t\t\t\t<section class=\"elementor-section elementor-top-section elementor-element elementor-element-2099dbd5 elementor-section-full_width elementor-section-height-min-height elementor-section-items-stretch elementor-section-height-default\" data-id=\"2099dbd5\" data-element_type=\"section\" data-e-type=\"section\" data-settings=\"{&quot;background_background&quot;:&quot;classic&quot;}\">\n\t\t\t\t\t\t<div class=\"elementor-container elementor-column-gap-default\">\n\t\t\t\t\t<div class=\"elementor-column elementor-col-50 elementor-top-column elementor-element elementor-element-1c9df727\" data-id=\"1c9df727\" data-element_type=\"column\" data-e-type=\"column\">\n\t\t\t<div class=\"elementor-widget-wrap elementor-element-populated\">\n\t\t\t\t\t\t<div class=\"elementor-element elementor-element-4eef95bc elementor-widget elementor-widget-image\" data-id=\"4eef95bc\" data-element_type=\"widget\" data-e-type=\"widget\" data-widget_type=\"image.default\">\n\t\t\t\t\t\t\t\t\t\t\t\t\t\t\t\t<a href=\"https:\/\/nurstex.ee\/en\/\">\n\t\t\t\t\t\t\t<img fetchpriority=\"high\" decoding=\"async\" width=\"5000\" height=\"1137\" src=\"https:\/\/nurstex.ee\/wp-content\/uploads\/2022\/04\/cropped-cropped-Original-on-Transparent-1.png\" class=\"attachment-full size-full wp-image-1344\" alt=\"\" srcset=\"https:\/\/nurstex.ee\/wp-content\/uploads\/2022\/04\/cropped-cropped-Original-on-Transparent-1.png 5000w, https:\/\/nurstex.ee\/wp-content\/uploads\/2022\/04\/cropped-cropped-Original-on-Transparent-1-300x68.png 300w, https:\/\/nurstex.ee\/wp-content\/uploads\/2022\/04\/cropped-cropped-Original-on-Transparent-1-1024x233.png 1024w, https:\/\/nurstex.ee\/wp-content\/uploads\/2022\/04\/cropped-cropped-Original-on-Transparent-1-768x175.png 768w, https:\/\/nurstex.ee\/wp-content\/uploads\/2022\/04\/cropped-cropped-Original-on-Transparent-1-1536x349.png 1536w, https:\/\/nurstex.ee\/wp-content\/uploads\/2022\/04\/cropped-cropped-Original-on-Transparent-1-2048x466.png 2048w\" sizes=\"(max-width: 5000px) 100vw, 5000px\" \/>\t\t\t\t\t\t\t\t<\/a>\n\t\t\t\t\t\t\t\t\t\t\t\t\t\t\t<\/div>\n\t\t\t\t\t<\/div>\n\t\t<\/div>\n\t\t\t\t<div class=\"elementor-column elementor-col-50 elementor-top-column elementor-element elementor-element-a2fdcee\" data-id=\"a2fdcee\" data-element_type=\"column\" data-e-type=\"column\">\n\t\t\t<div class=\"elementor-widget-wrap elementor-element-populated\">\n\t\t\t\t\t\t<div class=\"elementor-element elementor-element-57400f7a elementor-nav-menu__align-center elementor-nav-menu--stretch elementor-nav-menu__text-align-center elementor-nav-menu--dropdown-tablet elementor-nav-menu--toggle elementor-nav-menu--burger elementor-widget elementor-widget-nav-menu\" data-id=\"57400f7a\" data-element_type=\"widget\" data-e-type=\"widget\" data-settings=\"{&quot;full_width&quot;:&quot;stretch&quot;,&quot;layout&quot;:&quot;horizontal&quot;,&quot;submenu_icon&quot;:{&quot;value&quot;:&quot;&lt;svg aria-hidden=\\&quot;true\\&quot; class=\\&quot;e-font-icon-svg e-fas-caret-down\\&quot; viewBox=\\&quot;0 0 320 512\\&quot; xmlns=\\&quot;http:\\\/\\\/www.w3.org\\\/2000\\\/svg\\&quot;&gt;&lt;path d=\\&quot;M31.3 192h257.3c17.8 0 26.7 21.5 14.1 34.1L174.1 354.8c-7.8 7.8-20.5 7.8-28.3 0L17.2 226.1C4.6 213.5 13.5 192 31.3 192z\\&quot;&gt;&lt;\\\/path&gt;&lt;\\\/svg&gt;&quot;,&quot;library&quot;:&quot;fa-solid&quot;},&quot;toggle&quot;:&quot;burger&quot;}\" data-widget_type=\"nav-menu.default\">\n\t\t\t\t\t\t\t\t<nav aria-label=\"Menu\" class=\"elementor-nav-menu--main elementor-nav-menu__container elementor-nav-menu--layout-horizontal e--pointer-underline e--animation-fade\">\n\t\t\t\t<ul id=\"menu-1-57400f7a\" class=\"elementor-nav-menu\"><li class=\"menu-item menu-item-type-post_type menu-item-object-page menu-item-432\"><a href=\"https:\/\/nurstex.ee\/puhkemajad\/\" class=\"elementor-item\">Summerhouse<\/a><\/li>\n<li class=\"menu-item menu-item-type-post_type menu-item-object-page menu-item-430\"><a href=\"https:\/\/nurstex.ee\/rannamaja\/\" class=\"elementor-item\">Beach house<\/a><\/li>\n<li class=\"menu-item menu-item-type-post_type menu-item-object-page menu-item-431\"><a href=\"https:\/\/nurstex.ee\/saunamaja\/\" class=\"elementor-item\">Sauna house<\/a><\/li>\n<li class=\"menu-item menu-item-type-post_type menu-item-object-page menu-item-434\"><a href=\"https:\/\/nurstex.ee\/kodukord\/\" class=\"elementor-item\">Rules of Procedure<\/a><\/li>\n<li class=\"menu-item menu-item-type-post_type menu-item-object-page menu-item-646\"><a href=\"https:\/\/nurstex.ee\/hinnakiri\/\" class=\"elementor-item\">Price list \/ Booking<\/a><\/li>\n<li class=\"menu-item menu-item-type-post_type menu-item-object-page menu-item-1161\"><a href=\"https:\/\/nurstex.ee\/tegevused\/\" class=\"elementor-item\">Activities<\/a><\/li>\n<li class=\"menu-item menu-item-type-post_type menu-item-object-page menu-item-433\"><a href=\"https:\/\/nurstex.ee\/kontakt\/\" class=\"elementor-item\">Contact<\/a><\/li>\n<\/ul>\t\t\t<\/nav>\n\t\t\t\t\t<div class=\"elementor-menu-toggle\" role=\"button\" tabindex=\"0\" aria-label=\"Menu Toggle\" aria-expanded=\"false\">\n\t\t\t<svg aria-hidden=\"true\" role=\"presentation\" class=\"elementor-menu-toggle__icon--open e-font-icon-svg e-eicon-menu-bar\" viewBox=\"0 0 1000 1000\" xmlns=\"http:\/\/www.w3.org\/2000\/svg\"><path d=\"M104 333H896C929 333 958 304 958 271S929 208 896 208H104C71 208 42 237 42 271S71 333 104 333ZM104 583H896C929 583 958 554 958 521S929 458 896 458H104C71 458 42 487 42 521S71 583 104 583ZM104 833H896C929 833 958 804 958 771S929 708 896 708H104C71 708 42 737 42 771S71 833 104 833Z\"><\/path><\/svg><svg aria-hidden=\"true\" role=\"presentation\" class=\"elementor-menu-toggle__icon--close e-font-icon-svg e-eicon-close\" viewBox=\"0 0 1000 1000\" xmlns=\"http:\/\/www.w3.org\/2000\/svg\"><path d=\"M742 167L500 408 258 167C246 154 233 150 217 150 196 150 179 158 167 167 154 179 150 196 150 212 150 229 154 242 171 254L408 500 167 742C138 771 138 800 167 829 196 858 225 858 254 829L496 587 738 829C750 842 767 846 783 846 800 846 817 842 829 829 842 817 846 804 846 783 846 767 842 750 829 737L588 500 833 258C863 229 863 200 833 171 804 137 775 137 742 167Z\"><\/path><\/svg>\t\t<\/div>\n\t\t\t\t\t<nav class=\"elementor-nav-menu--dropdown elementor-nav-menu__container\" aria-hidden=\"true\">\n\t\t\t\t<ul id=\"menu-2-57400f7a\" class=\"elementor-nav-menu\"><li class=\"menu-item menu-item-type-post_type menu-item-object-page menu-item-432\"><a href=\"https:\/\/nurstex.ee\/puhkemajad\/\" class=\"elementor-item\" tabindex=\"-1\">Summerhouse<\/a><\/li>\n<li class=\"menu-item menu-item-type-post_type menu-item-object-page menu-item-430\"><a href=\"https:\/\/nurstex.ee\/rannamaja\/\" class=\"elementor-item\" tabindex=\"-1\">Beach house<\/a><\/li>\n<li class=\"menu-item menu-item-type-post_type menu-item-object-page menu-item-431\"><a href=\"https:\/\/nurstex.ee\/saunamaja\/\" class=\"elementor-item\" tabindex=\"-1\">Sauna house<\/a><\/li>\n<li class=\"menu-item menu-item-type-post_type menu-item-object-page menu-item-434\"><a href=\"https:\/\/nurstex.ee\/kodukord\/\" class=\"elementor-item\" tabindex=\"-1\">Rules of Procedure<\/a><\/li>\n<li class=\"menu-item menu-item-type-post_type menu-item-object-page menu-item-646\"><a href=\"https:\/\/nurstex.ee\/hinnakiri\/\" class=\"elementor-item\" tabindex=\"-1\">Price list \/ Booking<\/a><\/li>\n<li class=\"menu-item menu-item-type-post_type menu-item-object-page menu-item-1161\"><a href=\"https:\/\/nurstex.ee\/tegevused\/\" class=\"elementor-item\" tabindex=\"-1\">Activities<\/a><\/li>\n<li class=\"menu-item menu-item-type-post_type menu-item-object-page menu-item-433\"><a href=\"https:\/\/nurstex.ee\/kontakt\/\" class=\"elementor-item\" tabindex=\"-1\">Contact<\/a><\/li>\n<\/ul>\t\t\t<\/nav>\n\t\t\t\t\t\t<\/div>\n\t\t\t\t\t<\/div>\n\t\t<\/div>\n\t\t\t\t\t<\/div>\n\t\t<\/section>\n\t\t\t\t<section class=\"elementor-section elementor-top-section elementor-element elementor-element-4333ce91 elementor-section-boxed elementor-section-height-default elementor-section-height-default\" data-id=\"4333ce91\" data-element_type=\"section\" data-e-type=\"section\">\n\t\t\t\t\t\t<div class=\"elementor-container elementor-column-gap-default\">\n\t\t\t\t\t<div class=\"elementor-column elementor-col-100 elementor-top-column elementor-element elementor-element-43fd8493\" data-id=\"43fd8493\" data-element_type=\"column\" data-e-type=\"column\">\n\t\t\t<div class=\"elementor-widget-wrap elementor-element-populated\">\n\t\t\t\t\t\t<div class=\"elementor-element elementor-element-78b66bea elementor-widget elementor-widget-heading\" data-id=\"78b66bea\" data-element_type=\"widget\" data-e-type=\"widget\" data-widget_type=\"heading.default\">\n\t\t\t\t\t<h2 class=\"elementor-heading-title elementor-size-default\">Beach house<\/h2>\t\t\t\t<\/div>\n\t\t\t\t\t<\/div>\n\t\t<\/div>\n\t\t\t\t\t<\/div>\n\t\t<\/section>\n\t\t\t\t<section class=\"elementor-section elementor-top-section elementor-element elementor-element-58724cea elementor-section-boxed elementor-section-height-default elementor-section-height-default\" data-id=\"58724cea\" data-element_type=\"section\" data-e-type=\"section\" data-settings=\"{&quot;background_background&quot;:&quot;gradient&quot;}\">\n\t\t\t\t\t\t<div class=\"elementor-container elementor-column-gap-default\">\n\t\t\t\t\t<div class=\"elementor-column elementor-col-33 elementor-top-column elementor-element elementor-element-d881cc8\" data-id=\"d881cc8\" data-element_type=\"column\" data-e-type=\"column\">\n\t\t\t<div class=\"elementor-widget-wrap elementor-element-populated\">\n\t\t\t\t\t\t<div class=\"elementor-element elementor-element-752a023e elementor-widget elementor-widget-text-editor\" data-id=\"752a023e\" data-element_type=\"widget\" data-e-type=\"widget\" data-widget_type=\"text-editor.default\">\n\t\t\t\t\t\t\t\t\t<p>The beach house is located on the west coast of Hiiumaa, on the shore of K\u00fcla bay, 100m from the beautiful sandy beach. The house has a total of 6 bedrooms with separate entrances from the stairs on the side of the house.<\/p><p>Available on site:<\/p><ul><li>3 bedrooms | 6 sleeping places<ul><li>1&#215;2 person bed and 1&#215;1 person bed<\/li><li>2&#215;1 person bed<\/li><li>1&#215;1 person bed<\/li><\/ul><\/li><li>Kitchenette (fridge, electric cooker, coffee maker, kettle, crockery, salt, pepper, sugar);<\/li><li>WC, shower;<\/li><li>Bed linen and towels;<\/li><li>Patio furniture;<\/li><li>Outdoor barbecue with grilling equipment;<\/li><li>Fireplace, green trees<\/li><\/ul>\t\t\t\t\t\t\t\t<\/div>\n\t\t\t\t\t<\/div>\n\t\t<\/div>\n\t\t\t\t<div class=\"elementor-column elementor-col-66 elementor-top-column elementor-element elementor-element-c9b90a0\" data-id=\"c9b90a0\" data-element_type=\"column\" data-e-type=\"column\">\n\t\t\t<div class=\"elementor-widget-wrap elementor-element-populated\">\n\t\t\t\t\t\t<div class=\"elementor-element elementor-element-58eb4c17 elementor-widget elementor-widget-gallery\" data-id=\"58eb4c17\" data-element_type=\"widget\" data-e-type=\"widget\" data-settings=\"{&quot;columns&quot;:3,&quot;lazyload&quot;:&quot;yes&quot;,&quot;gallery_layout&quot;:&quot;grid&quot;,&quot;columns_tablet&quot;:2,&quot;columns_mobile&quot;:1,&quot;gap&quot;:{&quot;unit&quot;:&quot;px&quot;,&quot;size&quot;:10,&quot;sizes&quot;:[]},&quot;gap_tablet&quot;:{&quot;unit&quot;:&quot;px&quot;,&quot;size&quot;:10,&quot;sizes&quot;:[]},&quot;gap_mobile&quot;:{&quot;unit&quot;:&quot;px&quot;,&quot;size&quot;:10,&quot;sizes&quot;:[]},&quot;link_to&quot;:&quot;file&quot;,&quot;aspect_ratio&quot;:&quot;3:2&quot;,&quot;overlay_background&quot;:&quot;yes&quot;,&quot;content_hover_animation&quot;:&quot;fade-in&quot;}\" data-widget_type=\"gallery.default\">\n\t\t\t\t\t\t\t<div class=\"elementor-gallery__container\">\n\t\t\t\t\t\t\t<a class=\"e-gallery-item elementor-gallery-item elementor-animated-content\" href=\"https:\/\/nurstex.ee\/wp-content\/uploads\/2022\/04\/Rannamaja-9-scaled.jpg\" data-elementor-open-lightbox=\"yes\" data-elementor-lightbox-slideshow=\"58eb4c17\" data-elementor-lightbox-title=\"Rannamaja (9)\" data-e-action-hash=\"#elementor-action%3Aaction%3Dlightbox%26settings%3DeyJpZCI6NTAxLCJ1cmwiOiJodHRwczpcL1wvbnVyc3RleC5lZVwvd3AtY29udGVudFwvdXBsb2Fkc1wvMjAyMlwvMDRcL1Jhbm5hbWFqYS05LXNjYWxlZC5qcGciLCJzbGlkZXNob3ciOiI1OGViNGMxNyJ9\">\n\t\t\t\t\t<div class=\"e-gallery-image elementor-gallery-item__image\" data-thumbnail=\"https:\/\/nurstex.ee\/wp-content\/uploads\/2022\/04\/Rannamaja-9-300x174.jpg\" data-width=\"300\" data-height=\"174\" aria-label=\"\" role=\"img\" ><\/div>\n\t\t\t\t\t\t\t\t\t\t\t<div class=\"elementor-gallery-item__overlay\"><\/div>\n\t\t\t\t\t\t\t\t\t\t\t\t\t\t<\/a>\n\t\t\t\t\t\t\t<a class=\"e-gallery-item elementor-gallery-item elementor-animated-content\" href=\"https:\/\/nurstex.ee\/wp-content\/uploads\/2022\/04\/Rannamaja-1-scaled.jpg\" data-elementor-open-lightbox=\"yes\" data-elementor-lightbox-slideshow=\"58eb4c17\" data-elementor-lightbox-title=\"Rannamaja (1)\" data-e-action-hash=\"#elementor-action%3Aaction%3Dlightbox%26settings%3DeyJpZCI6NTcyLCJ1cmwiOiJodHRwczpcL1wvbnVyc3RleC5lZVwvd3AtY29udGVudFwvdXBsb2Fkc1wvMjAyMlwvMDRcL1Jhbm5hbWFqYS0xLXNjYWxlZC5qcGciLCJzbGlkZXNob3ciOiI1OGViNGMxNyJ9\">\n\t\t\t\t\t<div class=\"e-gallery-image elementor-gallery-item__image\" data-thumbnail=\"https:\/\/nurstex.ee\/wp-content\/uploads\/2022\/04\/Rannamaja-1-300x203.jpg\" data-width=\"300\" data-height=\"203\" aria-label=\"\" role=\"img\" ><\/div>\n\t\t\t\t\t\t\t\t\t\t\t<div class=\"elementor-gallery-item__overlay\"><\/div>\n\t\t\t\t\t\t\t\t\t\t\t\t\t\t<\/a>\n\t\t\t\t\t\t\t<a class=\"e-gallery-item elementor-gallery-item elementor-animated-content\" href=\"https:\/\/nurstex.ee\/wp-content\/uploads\/2022\/04\/Rannamaja-9-1-scaled.jpg\" data-elementor-open-lightbox=\"yes\" data-elementor-lightbox-slideshow=\"58eb4c17\" data-elementor-lightbox-title=\"Rannamaja (9)\" data-e-action-hash=\"#elementor-action%3Aaction%3Dlightbox%26settings%3DeyJpZCI6NTc0LCJ1cmwiOiJodHRwczpcL1wvbnVyc3RleC5lZVwvd3AtY29udGVudFwvdXBsb2Fkc1wvMjAyMlwvMDRcL1Jhbm5hbWFqYS05LTEtc2NhbGVkLmpwZyIsInNsaWRlc2hvdyI6IjU4ZWI0YzE3In0%3D\">\n\t\t\t\t\t<div class=\"e-gallery-image elementor-gallery-item__image\" data-thumbnail=\"https:\/\/nurstex.ee\/wp-content\/uploads\/2022\/04\/Rannamaja-9-1-300x174.jpg\" data-width=\"300\" data-height=\"174\" aria-label=\"\" role=\"img\" ><\/div>\n\t\t\t\t\t\t\t\t\t\t\t<div class=\"elementor-gallery-item__overlay\"><\/div>\n\t\t\t\t\t\t\t\t\t\t\t\t\t\t<\/a>\n\t\t\t\t\t\t\t<a class=\"e-gallery-item elementor-gallery-item elementor-animated-content\" href=\"https:\/\/nurstex.ee\/wp-content\/uploads\/2022\/04\/Rannamaja-12-scaled.jpg\" data-elementor-open-lightbox=\"yes\" data-elementor-lightbox-slideshow=\"58eb4c17\" data-elementor-lightbox-title=\"Rannamaja (12)\" data-e-action-hash=\"#elementor-action%3Aaction%3Dlightbox%26settings%3DeyJpZCI6NTc1LCJ1cmwiOiJodHRwczpcL1wvbnVyc3RleC5lZVwvd3AtY29udGVudFwvdXBsb2Fkc1wvMjAyMlwvMDRcL1Jhbm5hbWFqYS0xMi1zY2FsZWQuanBnIiwic2xpZGVzaG93IjoiNThlYjRjMTcifQ%3D%3D\">\n\t\t\t\t\t<div class=\"e-gallery-image elementor-gallery-item__image\" data-thumbnail=\"https:\/\/nurstex.ee\/wp-content\/uploads\/2022\/04\/Rannamaja-12-300x200.jpg\" data-width=\"300\" data-height=\"200\" aria-label=\"\" role=\"img\" ><\/div>\n\t\t\t\t\t\t\t\t\t\t\t<div class=\"elementor-gallery-item__overlay\"><\/div>\n\t\t\t\t\t\t\t\t\t\t\t\t\t\t<\/a>\n\t\t\t\t\t\t\t<a class=\"e-gallery-item elementor-gallery-item elementor-animated-content\" href=\"https:\/\/nurstex.ee\/wp-content\/uploads\/2022\/04\/Rannamaja-13-scaled.jpg\" data-elementor-open-lightbox=\"yes\" data-elementor-lightbox-slideshow=\"58eb4c17\" data-elementor-lightbox-title=\"Rannamaja (13)\" data-e-action-hash=\"#elementor-action%3Aaction%3Dlightbox%26settings%3DeyJpZCI6NTc2LCJ1cmwiOiJodHRwczpcL1wvbnVyc3RleC5lZVwvd3AtY29udGVudFwvdXBsb2Fkc1wvMjAyMlwvMDRcL1Jhbm5hbWFqYS0xMy1zY2FsZWQuanBnIiwic2xpZGVzaG93IjoiNThlYjRjMTcifQ%3D%3D\">\n\t\t\t\t\t<div class=\"e-gallery-image elementor-gallery-item__image\" data-thumbnail=\"https:\/\/nurstex.ee\/wp-content\/uploads\/2022\/04\/Rannamaja-13-300x200.jpg\" data-width=\"300\" data-height=\"200\" aria-label=\"\" role=\"img\" ><\/div>\n\t\t\t\t\t\t\t\t\t\t\t<div class=\"elementor-gallery-item__overlay\"><\/div>\n\t\t\t\t\t\t\t\t\t\t\t\t\t\t<\/a>\n\t\t\t\t\t\t\t<a class=\"e-gallery-item elementor-gallery-item elementor-animated-content\" href=\"https:\/\/nurstex.ee\/wp-content\/uploads\/2022\/04\/Rannamaja-14-scaled.jpg\" data-elementor-open-lightbox=\"yes\" data-elementor-lightbox-slideshow=\"58eb4c17\" data-elementor-lightbox-title=\"Rannamaja (14)\" data-e-action-hash=\"#elementor-action%3Aaction%3Dlightbox%26settings%3DeyJpZCI6NTc3LCJ1cmwiOiJodHRwczpcL1wvbnVyc3RleC5lZVwvd3AtY29udGVudFwvdXBsb2Fkc1wvMjAyMlwvMDRcL1Jhbm5hbWFqYS0xNC1zY2FsZWQuanBnIiwic2xpZGVzaG93IjoiNThlYjRjMTcifQ%3D%3D\">\n\t\t\t\t\t<div class=\"e-gallery-image elementor-gallery-item__image\" data-thumbnail=\"https:\/\/nurstex.ee\/wp-content\/uploads\/2022\/04\/Rannamaja-14-300x200.jpg\" data-width=\"300\" data-height=\"200\" aria-label=\"\" role=\"img\" ><\/div>\n\t\t\t\t\t\t\t\t\t\t\t<div class=\"elementor-gallery-item__overlay\"><\/div>\n\t\t\t\t\t\t\t\t\t\t\t\t\t\t<\/a>\n\t\t\t\t\t\t\t<a class=\"e-gallery-item elementor-gallery-item elementor-animated-content\" href=\"https:\/\/nurstex.ee\/wp-content\/uploads\/2023\/06\/Grill.jpg\" data-elementor-open-lightbox=\"yes\" data-elementor-lightbox-slideshow=\"58eb4c17\" data-elementor-lightbox-title=\"Grill\" data-e-action-hash=\"#elementor-action%3Aaction%3Dlightbox%26settings%3DeyJpZCI6MTIwOSwidXJsIjoiaHR0cHM6XC9cL251cnN0ZXguZWVcL3dwLWNvbnRlbnRcL3VwbG9hZHNcLzIwMjNcLzA2XC9HcmlsbC5qcGciLCJzbGlkZXNob3ciOiI1OGViNGMxNyJ9\">\n\t\t\t\t\t<div class=\"e-gallery-image elementor-gallery-item__image\" data-thumbnail=\"https:\/\/nurstex.ee\/wp-content\/uploads\/2023\/06\/Grill-300x225.jpg\" data-width=\"300\" data-height=\"225\" aria-label=\"\" role=\"img\" ><\/div>\n\t\t\t\t\t\t\t\t\t\t\t<div class=\"elementor-gallery-item__overlay\"><\/div>\n\t\t\t\t\t\t\t\t\t\t\t\t\t\t<\/a>\n\t\t\t\t\t\t\t<a class=\"e-gallery-item elementor-gallery-item elementor-animated-content\" href=\"https:\/\/nurstex.ee\/wp-content\/uploads\/2022\/04\/Rannamaja-19-scaled.jpg\" data-elementor-open-lightbox=\"yes\" data-elementor-lightbox-slideshow=\"58eb4c17\" data-elementor-lightbox-title=\"Rannamaja (19)\" data-e-action-hash=\"#elementor-action%3Aaction%3Dlightbox%26settings%3DeyJpZCI6NTgyLCJ1cmwiOiJodHRwczpcL1wvbnVyc3RleC5lZVwvd3AtY29udGVudFwvdXBsb2Fkc1wvMjAyMlwvMDRcL1Jhbm5hbWFqYS0xOS1zY2FsZWQuanBnIiwic2xpZGVzaG93IjoiNThlYjRjMTcifQ%3D%3D\">\n\t\t\t\t\t<div class=\"e-gallery-image elementor-gallery-item__image\" data-thumbnail=\"https:\/\/nurstex.ee\/wp-content\/uploads\/2022\/04\/Rannamaja-19-300x200.jpg\" data-width=\"300\" data-height=\"200\" aria-label=\"\" role=\"img\" ><\/div>\n\t\t\t\t\t\t\t\t\t\t\t<div class=\"elementor-gallery-item__overlay\"><\/div>\n\t\t\t\t\t\t\t\t\t\t\t\t\t\t<\/a>\n\t\t\t\t\t\t\t<a class=\"e-gallery-item elementor-gallery-item elementor-animated-content\" href=\"https:\/\/nurstex.ee\/wp-content\/uploads\/2022\/04\/Rannamaja-18-scaled.jpg\" data-elementor-open-lightbox=\"yes\" data-elementor-lightbox-slideshow=\"58eb4c17\" data-elementor-lightbox-title=\"Rannamaja (18)\" data-e-action-hash=\"#elementor-action%3Aaction%3Dlightbox%26settings%3DeyJpZCI6NTgxLCJ1cmwiOiJodHRwczpcL1wvbnVyc3RleC5lZVwvd3AtY29udGVudFwvdXBsb2Fkc1wvMjAyMlwvMDRcL1Jhbm5hbWFqYS0xOC1zY2FsZWQuanBnIiwic2xpZGVzaG93IjoiNThlYjRjMTcifQ%3D%3D\">\n\t\t\t\t\t<div class=\"e-gallery-image elementor-gallery-item__image\" data-thumbnail=\"https:\/\/nurstex.ee\/wp-content\/uploads\/2022\/04\/Rannamaja-18-300x200.jpg\" data-width=\"300\" data-height=\"200\" aria-label=\"\" role=\"img\" ><\/div>\n\t\t\t\t\t\t\t\t\t\t\t<div class=\"elementor-gallery-item__overlay\"><\/div>\n\t\t\t\t\t\t\t\t\t\t\t\t\t\t<\/a>\n\t\t\t\t\t\t\t<a class=\"e-gallery-item elementor-gallery-item elementor-animated-content\" href=\"https:\/\/nurstex.ee\/wp-content\/uploads\/2022\/04\/Rannamaja-17-scaled.jpg\" data-elementor-open-lightbox=\"yes\" data-elementor-lightbox-slideshow=\"58eb4c17\" data-elementor-lightbox-title=\"Rannamaja (17)\" data-e-action-hash=\"#elementor-action%3Aaction%3Dlightbox%26settings%3DeyJpZCI6NTgwLCJ1cmwiOiJodHRwczpcL1wvbnVyc3RleC5lZVwvd3AtY29udGVudFwvdXBsb2Fkc1wvMjAyMlwvMDRcL1Jhbm5hbWFqYS0xNy1zY2FsZWQuanBnIiwic2xpZGVzaG93IjoiNThlYjRjMTcifQ%3D%3D\">\n\t\t\t\t\t<div class=\"e-gallery-image elementor-gallery-item__image\" data-thumbnail=\"https:\/\/nurstex.ee\/wp-content\/uploads\/2022\/04\/Rannamaja-17-300x200.jpg\" data-width=\"300\" data-height=\"200\" aria-label=\"\" role=\"img\" ><\/div>\n\t\t\t\t\t\t\t\t\t\t\t<div class=\"elementor-gallery-item__overlay\"><\/div>\n\t\t\t\t\t\t\t\t\t\t\t\t\t\t<\/a>\n\t\t\t\t\t\t\t<a class=\"e-gallery-item elementor-gallery-item elementor-animated-content\" href=\"https:\/\/nurstex.ee\/wp-content\/uploads\/2022\/04\/Rannamaja-16-scaled.jpg\" data-elementor-open-lightbox=\"yes\" data-elementor-lightbox-slideshow=\"58eb4c17\" data-elementor-lightbox-title=\"Rannamaja (16)\" data-e-action-hash=\"#elementor-action%3Aaction%3Dlightbox%26settings%3DeyJpZCI6NTc5LCJ1cmwiOiJodHRwczpcL1wvbnVyc3RleC5lZVwvd3AtY29udGVudFwvdXBsb2Fkc1wvMjAyMlwvMDRcL1Jhbm5hbWFqYS0xNi1zY2FsZWQuanBnIiwic2xpZGVzaG93IjoiNThlYjRjMTcifQ%3D%3D\">\n\t\t\t\t\t<div class=\"e-gallery-image elementor-gallery-item__image\" data-thumbnail=\"https:\/\/nurstex.ee\/wp-content\/uploads\/2022\/04\/Rannamaja-16-300x200.jpg\" data-width=\"300\" data-height=\"200\" aria-label=\"\" role=\"img\" ><\/div>\n\t\t\t\t\t\t\t\t\t\t\t<div class=\"elementor-gallery-item__overlay\"><\/div>\n\t\t\t\t\t\t\t\t\t\t\t\t\t\t<\/a>\n\t\t\t\t\t\t\t<a class=\"e-gallery-item elementor-gallery-item elementor-animated-content\" href=\"https:\/\/nurstex.ee\/wp-content\/uploads\/2022\/04\/Rannamaja-15-scaled.jpg\" data-elementor-open-lightbox=\"yes\" data-elementor-lightbox-slideshow=\"58eb4c17\" data-elementor-lightbox-title=\"Rannamaja (15)\" data-e-action-hash=\"#elementor-action%3Aaction%3Dlightbox%26settings%3DeyJpZCI6NTc4LCJ1cmwiOiJodHRwczpcL1wvbnVyc3RleC5lZVwvd3AtY29udGVudFwvdXBsb2Fkc1wvMjAyMlwvMDRcL1Jhbm5hbWFqYS0xNS1zY2FsZWQuanBnIiwic2xpZGVzaG93IjoiNThlYjRjMTcifQ%3D%3D\">\n\t\t\t\t\t<div class=\"e-gallery-image elementor-gallery-item__image\" data-thumbnail=\"https:\/\/nurstex.ee\/wp-content\/uploads\/2022\/04\/Rannamaja-15-300x200.jpg\" data-width=\"300\" data-height=\"200\" aria-label=\"\" role=\"img\" ><\/div>\n\t\t\t\t\t\t\t\t\t\t\t<div class=\"elementor-gallery-item__overlay\"><\/div>\n\t\t\t\t\t\t\t\t\t\t\t\t\t\t<\/a>\n\t\t\t\t\t<\/div>\n\t\t\t\t\t<\/div>\n\t\t\t\t\t<\/div>\n\t\t<\/div>\n\t\t\t\t\t<\/div>\n\t\t<\/section>\n\t\t\t\t<section class=\"elementor-section elementor-top-section elementor-element elementor-element-1ef5d09b elementor-section-full_width elementor-section-height-min-height elementor-section-content-middle elementor-section-height-default elementor-section-items-middle\" data-id=\"1ef5d09b\" data-element_type=\"section\" data-e-type=\"section\" data-settings=\"{&quot;background_background&quot;:&quot;classic&quot;}\">\n\t\t\t\t\t\t<div class=\"elementor-container elementor-column-gap-no\">\n\t\t\t\t\t<div class=\"elementor-column elementor-col-100 elementor-top-column elementor-element elementor-element-28207594\" data-id=\"28207594\" data-element_type=\"column\" data-e-type=\"column\">\n\t\t\t<div class=\"elementor-widget-wrap elementor-element-populated\">\n\t\t\t\t\t\t<div class=\"elementor-element elementor-element-7e4caf8 elementor-widget elementor-widget-text-editor\" data-id=\"7e4caf8\" data-element_type=\"widget\" data-e-type=\"widget\" data-widget_type=\"text-editor.default\">\n\t\t\t\t\t\t\t\t\t<p style=\"text-align: center;\">K\u00fclak\u00fcla, R\u00e4ngu tee, Hiiumaa, 92049, Estonia, N 58\u00ba77`64\u2033, E 22\u00ba48`28\u2033<\/p>\t\t\t\t\t\t\t\t<\/div>\n\t\t\t\t\t<\/div>\n\t\t<\/div>\n\t\t\t\t\t<\/div>\n\t\t<\/section>\n\t\t\t\t<\/div>\n\t\t","protected":false},"excerpt":{"rendered":"<p>Beach house The beach house is located on the west coast of Hiiumaa, on the shore of K\u00fcla bay, 100m from the beautiful sandy beach. The house has a total of 6 bedrooms with separate entrances from the stairs on the side of the house. Available on site: 3 bedrooms | 6 sleeping places 1&#215;2 [&hellip;]<\/p>\n","protected":false},"author":1,"featured_media":0,"parent":0,"menu_order":0,"comment_status":"closed","ping_status":"closed","template":"","meta":{"footnotes":""},"class_list":["post-1424","page","type-page","status-publish","hentry"],"_links":{"self":[{"href":"https:\/\/nurstex.ee\/en\/wp-json\/wp\/v2\/pages\/1424","targetHints":{"allow":["GET"]}}],"collection":[{"href":"https:\/\/nurstex.ee\/en\/wp-json\/wp\/v2\/pages"}],"about":[{"href":"https:\/\/nurstex.ee\/en\/wp-json\/wp\/v2\/types\/page"}],"author":[{"embeddable":true,"href":"https:\/\/nurstex.ee\/en\/wp-json\/wp\/v2\/users\/1"}],"replies":[{"embeddable":true,"href":"https:\/\/nurstex.ee\/en\/wp-json\/wp\/v2\/comments?post=1424"}],"version-history":[{"count":7,"href":"https:\/\/nurstex.ee\/en\/wp-json\/wp\/v2\/pages\/1424\/revisions"}],"predecessor-version":[{"id":1470,"href":"https:\/\/nurstex.ee\/en\/wp-json\/wp\/v2\/pages\/1424\/revisions\/1470"}],"wp:attachment":[{"href":"https:\/\/nurstex.ee\/en\/wp-json\/wp\/v2\/media?parent=1424"}],"curies":[{"name":"wp","href":"https:\/\/api.w.org\/{rel}","templated":true}]}}