{"id":1426,"date":"2022-03-22T12:06:10","date_gmt":"2022-03-22T11:06:10","guid":{"rendered":"https:\/\/nurstex.ee\/home-page\/"},"modified":"2025-03-21T08:30:21","modified_gmt":"2025-03-21T07:30:21","slug":"home-page","status":"publish","type":"page","link":"https:\/\/nurstex.ee\/en\/","title":{"rendered":"Home page"},"content":{"rendered":"\t\t<div data-elementor-type=\"wp-page\" data-elementor-id=\"1426\" class=\"elementor elementor-1426 elementor-69\" data-elementor-post-type=\"page\">\n\t\t\t\t\t\t<section class=\"elementor-section elementor-top-section elementor-element elementor-element-6154afe1 elementor-section-full_width elementor-section-height-min-height elementor-section-items-stretch elementor-section-height-default\" data-id=\"6154afe1\" data-element_type=\"section\" data-e-type=\"section\" data-settings=\"{&quot;background_background&quot;:&quot;classic&quot;}\">\n\t\t\t\t\t\t<div class=\"elementor-container elementor-column-gap-default\">\n\t\t\t\t\t<div class=\"elementor-column elementor-col-50 elementor-top-column elementor-element elementor-element-7d197496\" data-id=\"7d197496\" data-element_type=\"column\" data-e-type=\"column\">\n\t\t\t<div class=\"elementor-widget-wrap elementor-element-populated\">\n\t\t\t\t\t\t<div class=\"elementor-element elementor-element-76c4712d elementor-widget elementor-widget-image\" data-id=\"76c4712d\" data-element_type=\"widget\" data-e-type=\"widget\" data-widget_type=\"image.default\">\n\t\t\t\t\t\t\t\t\t\t\t\t\t\t\t\t<a href=\"https:\/\/nurstex.ee\/en\/\">\n\t\t\t\t\t\t\t<img fetchpriority=\"high\" decoding=\"async\" width=\"5000\" height=\"1137\" src=\"https:\/\/nurstex.ee\/wp-content\/uploads\/2022\/04\/cropped-cropped-Original-on-Transparent-1.png\" class=\"attachment-full size-full wp-image-1344\" alt=\"\" srcset=\"https:\/\/nurstex.ee\/wp-content\/uploads\/2022\/04\/cropped-cropped-Original-on-Transparent-1.png 5000w, https:\/\/nurstex.ee\/wp-content\/uploads\/2022\/04\/cropped-cropped-Original-on-Transparent-1-300x68.png 300w, https:\/\/nurstex.ee\/wp-content\/uploads\/2022\/04\/cropped-cropped-Original-on-Transparent-1-1024x233.png 1024w, https:\/\/nurstex.ee\/wp-content\/uploads\/2022\/04\/cropped-cropped-Original-on-Transparent-1-768x175.png 768w, https:\/\/nurstex.ee\/wp-content\/uploads\/2022\/04\/cropped-cropped-Original-on-Transparent-1-1536x349.png 1536w, https:\/\/nurstex.ee\/wp-content\/uploads\/2022\/04\/cropped-cropped-Original-on-Transparent-1-2048x466.png 2048w\" sizes=\"(max-width: 5000px) 100vw, 5000px\" \/>\t\t\t\t\t\t\t\t<\/a>\n\t\t\t\t\t\t\t\t\t\t\t\t\t\t\t<\/div>\n\t\t\t\t\t<\/div>\n\t\t<\/div>\n\t\t\t\t<div class=\"elementor-column elementor-col-50 elementor-top-column elementor-element elementor-element-21bfaebe\" data-id=\"21bfaebe\" data-element_type=\"column\" data-e-type=\"column\">\n\t\t\t<div class=\"elementor-widget-wrap elementor-element-populated\">\n\t\t\t\t\t\t<div class=\"elementor-element elementor-element-37a34b93 elementor-nav-menu__align-center elementor-nav-menu--stretch elementor-nav-menu__text-align-center elementor-nav-menu--dropdown-tablet elementor-nav-menu--toggle elementor-nav-menu--burger elementor-widget elementor-widget-nav-menu\" data-id=\"37a34b93\" data-element_type=\"widget\" data-e-type=\"widget\" data-settings=\"{&quot;full_width&quot;:&quot;stretch&quot;,&quot;layout&quot;:&quot;horizontal&quot;,&quot;submenu_icon&quot;:{&quot;value&quot;:&quot;&lt;svg aria-hidden=\\&quot;true\\&quot; class=\\&quot;e-font-icon-svg e-fas-caret-down\\&quot; viewBox=\\&quot;0 0 320 512\\&quot; xmlns=\\&quot;http:\\\/\\\/www.w3.org\\\/2000\\\/svg\\&quot;&gt;&lt;path d=\\&quot;M31.3 192h257.3c17.8 0 26.7 21.5 14.1 34.1L174.1 354.8c-7.8 7.8-20.5 7.8-28.3 0L17.2 226.1C4.6 213.5 13.5 192 31.3 192z\\&quot;&gt;&lt;\\\/path&gt;&lt;\\\/svg&gt;&quot;,&quot;library&quot;:&quot;fa-solid&quot;},&quot;toggle&quot;:&quot;burger&quot;}\" data-widget_type=\"nav-menu.default\">\n\t\t\t\t\t\t\t\t<nav aria-label=\"Menu\" class=\"elementor-nav-menu--main elementor-nav-menu__container elementor-nav-menu--layout-horizontal e--pointer-underline e--animation-fade\">\n\t\t\t\t<ul id=\"menu-1-37a34b93\" class=\"elementor-nav-menu\"><li class=\"menu-item menu-item-type-post_type menu-item-object-page menu-item-432\"><a href=\"https:\/\/nurstex.ee\/puhkemajad\/\" class=\"elementor-item\">Summerhouse<\/a><\/li>\n<li class=\"menu-item menu-item-type-post_type menu-item-object-page menu-item-430\"><a href=\"https:\/\/nurstex.ee\/rannamaja\/\" class=\"elementor-item\">Beach house<\/a><\/li>\n<li class=\"menu-item menu-item-type-post_type menu-item-object-page menu-item-431\"><a href=\"https:\/\/nurstex.ee\/saunamaja\/\" class=\"elementor-item\">Sauna house<\/a><\/li>\n<li class=\"menu-item menu-item-type-post_type menu-item-object-page menu-item-434\"><a href=\"https:\/\/nurstex.ee\/kodukord\/\" class=\"elementor-item\">Rules of Procedure<\/a><\/li>\n<li class=\"menu-item menu-item-type-post_type menu-item-object-page menu-item-646\"><a href=\"https:\/\/nurstex.ee\/hinnakiri\/\" class=\"elementor-item\">Price list \/ Booking<\/a><\/li>\n<li class=\"menu-item menu-item-type-post_type menu-item-object-page menu-item-1161\"><a href=\"https:\/\/nurstex.ee\/tegevused\/\" class=\"elementor-item\">Activities<\/a><\/li>\n<li class=\"menu-item menu-item-type-post_type menu-item-object-page menu-item-433\"><a href=\"https:\/\/nurstex.ee\/kontakt\/\" class=\"elementor-item\">Contact<\/a><\/li>\n<\/ul>\t\t\t<\/nav>\n\t\t\t\t\t<div class=\"elementor-menu-toggle\" role=\"button\" tabindex=\"0\" aria-label=\"Menu Toggle\" aria-expanded=\"false\">\n\t\t\t<svg aria-hidden=\"true\" role=\"presentation\" class=\"elementor-menu-toggle__icon--open e-font-icon-svg e-eicon-menu-bar\" viewBox=\"0 0 1000 1000\" xmlns=\"http:\/\/www.w3.org\/2000\/svg\"><path d=\"M104 333H896C929 333 958 304 958 271S929 208 896 208H104C71 208 42 237 42 271S71 333 104 333ZM104 583H896C929 583 958 554 958 521S929 458 896 458H104C71 458 42 487 42 521S71 583 104 583ZM104 833H896C929 833 958 804 958 771S929 708 896 708H104C71 708 42 737 42 771S71 833 104 833Z\"><\/path><\/svg><svg aria-hidden=\"true\" role=\"presentation\" class=\"elementor-menu-toggle__icon--close e-font-icon-svg e-eicon-close\" viewBox=\"0 0 1000 1000\" xmlns=\"http:\/\/www.w3.org\/2000\/svg\"><path d=\"M742 167L500 408 258 167C246 154 233 150 217 150 196 150 179 158 167 167 154 179 150 196 150 212 150 229 154 242 171 254L408 500 167 742C138 771 138 800 167 829 196 858 225 858 254 829L496 587 738 829C750 842 767 846 783 846 800 846 817 842 829 829 842 817 846 804 846 783 846 767 842 750 829 737L588 500 833 258C863 229 863 200 833 171 804 137 775 137 742 167Z\"><\/path><\/svg>\t\t<\/div>\n\t\t\t\t\t<nav class=\"elementor-nav-menu--dropdown elementor-nav-menu__container\" aria-hidden=\"true\">\n\t\t\t\t<ul id=\"menu-2-37a34b93\" class=\"elementor-nav-menu\"><li class=\"menu-item menu-item-type-post_type menu-item-object-page menu-item-432\"><a href=\"https:\/\/nurstex.ee\/puhkemajad\/\" class=\"elementor-item\" tabindex=\"-1\">Summerhouse<\/a><\/li>\n<li class=\"menu-item menu-item-type-post_type menu-item-object-page menu-item-430\"><a href=\"https:\/\/nurstex.ee\/rannamaja\/\" class=\"elementor-item\" tabindex=\"-1\">Beach house<\/a><\/li>\n<li class=\"menu-item menu-item-type-post_type menu-item-object-page menu-item-431\"><a href=\"https:\/\/nurstex.ee\/saunamaja\/\" class=\"elementor-item\" tabindex=\"-1\">Sauna house<\/a><\/li>\n<li class=\"menu-item menu-item-type-post_type menu-item-object-page menu-item-434\"><a href=\"https:\/\/nurstex.ee\/kodukord\/\" class=\"elementor-item\" tabindex=\"-1\">Rules of Procedure<\/a><\/li>\n<li class=\"menu-item menu-item-type-post_type menu-item-object-page menu-item-646\"><a href=\"https:\/\/nurstex.ee\/hinnakiri\/\" class=\"elementor-item\" tabindex=\"-1\">Price list \/ Booking<\/a><\/li>\n<li class=\"menu-item menu-item-type-post_type menu-item-object-page menu-item-1161\"><a href=\"https:\/\/nurstex.ee\/tegevused\/\" class=\"elementor-item\" tabindex=\"-1\">Activities<\/a><\/li>\n<li class=\"menu-item menu-item-type-post_type menu-item-object-page menu-item-433\"><a href=\"https:\/\/nurstex.ee\/kontakt\/\" class=\"elementor-item\" tabindex=\"-1\">Contact<\/a><\/li>\n<\/ul>\t\t\t<\/nav>\n\t\t\t\t\t\t<\/div>\n\t\t\t\t\t<\/div>\n\t\t<\/div>\n\t\t\t\t\t<\/div>\n\t\t<\/section>\n\t\t\t\t<section class=\"elementor-section elementor-top-section elementor-element elementor-element-632f2392 elementor-section-boxed elementor-section-height-default elementor-section-height-default\" data-id=\"632f2392\" data-element_type=\"section\" data-e-type=\"section\">\n\t\t\t\t\t\t<div class=\"elementor-container elementor-column-gap-default\">\n\t\t\t\t\t<div class=\"elementor-column elementor-col-100 elementor-top-column elementor-element elementor-element-62e89b85\" data-id=\"62e89b85\" data-element_type=\"column\" data-e-type=\"column\">\n\t\t\t<div class=\"elementor-widget-wrap elementor-element-populated\">\n\t\t\t\t\t\t<div class=\"elementor-element elementor-element-4ccbc979 elementor-widget elementor-widget-heading\" data-id=\"4ccbc979\" data-element_type=\"widget\" data-e-type=\"widget\" data-widget_type=\"heading.default\">\n\t\t\t\t\t<h2 class=\"elementor-heading-title elementor-size-default\">Holiday cottages<\/h2>\t\t\t\t<\/div>\n\t\t\t\t\t<\/div>\n\t\t<\/div>\n\t\t\t\t\t<\/div>\n\t\t<\/section>\n\t\t\t\t<section class=\"elementor-section elementor-top-section elementor-element elementor-element-7bc6ae1e elementor-section-boxed elementor-section-height-default elementor-section-height-default\" data-id=\"7bc6ae1e\" data-element_type=\"section\" data-e-type=\"section\">\n\t\t\t\t\t\t<div class=\"elementor-container elementor-column-gap-default\">\n\t\t\t\t\t<div class=\"elementor-column elementor-col-33 elementor-top-column elementor-element elementor-element-52c1f84f\" data-id=\"52c1f84f\" data-element_type=\"column\" data-e-type=\"column\">\n\t\t\t<div class=\"elementor-widget-wrap elementor-element-populated\">\n\t\t\t\t\t\t<div class=\"elementor-element elementor-element-1a6866ed elementor-widget elementor-widget-text-editor\" data-id=\"1a6866ed\" data-element_type=\"widget\" data-e-type=\"widget\" data-widget_type=\"text-editor.default\">\n\t\t\t\t\t\t\t\t\t<p>Nurste holiday cottages are located on the west coast of Hiiumaa, on the shore of K\u00fcla Bay, in the quiet and beautiful village of K\u00fclak\u00fcla. The cottages are made up of three different buildings where you can spend time with family and friends and relax. To get away from the daily routine, the cottages can be used for smaller team events throughout the year. The summer terrace is a great place to dine or lounge on deckchairs, barbecue in the outdoor area and spend pleasant evenings around the campfire. The sauna experience is offered in a wood-fired sauna house. A few hundred metres&#8217; walk through a wooded clearing leads to a beautiful sandy beach. The nearest shop and the Nurste cross-country track are 1.2 km away, and the Haldi boat harbour is 5 km away.<\/p><p>Here all the worries of everyday life are forgotten!<\/p>\t\t\t\t\t\t\t\t<\/div>\n\t\t\t\t\t<\/div>\n\t\t<\/div>\n\t\t\t\t<div class=\"elementor-column elementor-col-66 elementor-top-column elementor-element elementor-element-5efbf831\" data-id=\"5efbf831\" data-element_type=\"column\" data-e-type=\"column\">\n\t\t\t<div class=\"elementor-widget-wrap elementor-element-populated\">\n\t\t\t\t\t\t<div class=\"elementor-element elementor-element-d033579 elementor-widget elementor-widget-gallery\" data-id=\"d033579\" data-element_type=\"widget\" data-e-type=\"widget\" data-settings=\"{&quot;columns&quot;:2,&quot;lazyload&quot;:&quot;yes&quot;,&quot;gallery_layout&quot;:&quot;grid&quot;,&quot;columns_tablet&quot;:2,&quot;columns_mobile&quot;:1,&quot;gap&quot;:{&quot;unit&quot;:&quot;px&quot;,&quot;size&quot;:10,&quot;sizes&quot;:[]},&quot;gap_tablet&quot;:{&quot;unit&quot;:&quot;px&quot;,&quot;size&quot;:10,&quot;sizes&quot;:[]},&quot;gap_mobile&quot;:{&quot;unit&quot;:&quot;px&quot;,&quot;size&quot;:10,&quot;sizes&quot;:[]},&quot;link_to&quot;:&quot;file&quot;,&quot;aspect_ratio&quot;:&quot;3:2&quot;,&quot;overlay_background&quot;:&quot;yes&quot;,&quot;content_hover_animation&quot;:&quot;fade-in&quot;}\" data-widget_type=\"gallery.default\">\n\t\t\t\t\t\t\t<div class=\"elementor-gallery__container\">\n\t\t\t\t\t\t\t<a class=\"e-gallery-item elementor-gallery-item elementor-animated-content\" href=\"https:\/\/nurstex.ee\/wp-content\/uploads\/2023\/06\/Suvemaja-scaled.jpeg\" data-elementor-open-lightbox=\"yes\" data-elementor-lightbox-slideshow=\"d033579\" data-elementor-lightbox-title=\"Suvemaja\" data-e-action-hash=\"#elementor-action%3Aaction%3Dlightbox%26settings%3DeyJpZCI6MTI1OSwidXJsIjoiaHR0cHM6XC9cL251cnN0ZXguZWVcL3dwLWNvbnRlbnRcL3VwbG9hZHNcLzIwMjNcLzA2XC9TdXZlbWFqYS1zY2FsZWQuanBlZyIsInNsaWRlc2hvdyI6ImQwMzM1NzkifQ%3D%3D\">\n\t\t\t\t\t<div class=\"e-gallery-image elementor-gallery-item__image\" data-thumbnail=\"https:\/\/nurstex.ee\/wp-content\/uploads\/2023\/06\/Suvemaja-300x225.jpeg\" data-width=\"300\" data-height=\"225\" aria-label=\"\" role=\"img\" ><\/div>\n\t\t\t\t\t\t\t\t\t\t\t<div class=\"elementor-gallery-item__overlay\"><\/div>\n\t\t\t\t\t\t\t\t\t\t\t\t\t\t<\/a>\n\t\t\t\t\t\t\t<a class=\"e-gallery-item elementor-gallery-item elementor-animated-content\" href=\"https:\/\/nurstex.ee\/wp-content\/uploads\/2023\/06\/Meri_2.jpg\" data-elementor-open-lightbox=\"yes\" data-elementor-lightbox-slideshow=\"d033579\" data-elementor-lightbox-title=\"Meri_2\" data-e-action-hash=\"#elementor-action%3Aaction%3Dlightbox%26settings%3DeyJpZCI6MTE2OCwidXJsIjoiaHR0cHM6XC9cL251cnN0ZXguZWVcL3dwLWNvbnRlbnRcL3VwbG9hZHNcLzIwMjNcLzA2XC9NZXJpXzIuanBnIiwic2xpZGVzaG93IjoiZDAzMzU3OSJ9\">\n\t\t\t\t\t<div class=\"e-gallery-image elementor-gallery-item__image\" data-thumbnail=\"https:\/\/nurstex.ee\/wp-content\/uploads\/2023\/06\/Meri_2-300x193.jpg\" data-width=\"300\" data-height=\"193\" aria-label=\"\" role=\"img\" ><\/div>\n\t\t\t\t\t\t\t\t\t\t\t<div class=\"elementor-gallery-item__overlay\"><\/div>\n\t\t\t\t\t\t\t\t\t\t\t\t\t\t<\/a>\n\t\t\t\t\t\t\t<a class=\"e-gallery-item elementor-gallery-item elementor-animated-content\" href=\"https:\/\/nurstex.ee\/wp-content\/uploads\/2023\/06\/SUP.jpg\" data-elementor-open-lightbox=\"yes\" data-elementor-lightbox-slideshow=\"d033579\" data-elementor-lightbox-title=\"SUP\" data-e-action-hash=\"#elementor-action%3Aaction%3Dlightbox%26settings%3DeyJpZCI6MTIwNSwidXJsIjoiaHR0cHM6XC9cL251cnN0ZXguZWVcL3dwLWNvbnRlbnRcL3VwbG9hZHNcLzIwMjNcLzA2XC9TVVAuanBnIiwic2xpZGVzaG93IjoiZDAzMzU3OSJ9\">\n\t\t\t\t\t<div class=\"e-gallery-image elementor-gallery-item__image\" data-thumbnail=\"https:\/\/nurstex.ee\/wp-content\/uploads\/2023\/06\/SUP-300x225.jpg\" data-width=\"300\" data-height=\"225\" aria-label=\"\" role=\"img\" ><\/div>\n\t\t\t\t\t\t\t\t\t\t\t<div class=\"elementor-gallery-item__overlay\"><\/div>\n\t\t\t\t\t\t\t\t\t\t\t\t\t\t<\/a>\n\t\t\t\t\t\t\t<a class=\"e-gallery-item elementor-gallery-item elementor-animated-content\" href=\"https:\/\/nurstex.ee\/wp-content\/uploads\/2023\/06\/Saunamaja.jpg\" data-elementor-open-lightbox=\"yes\" data-elementor-lightbox-slideshow=\"d033579\" data-elementor-lightbox-title=\"Saunamaja\" data-e-action-hash=\"#elementor-action%3Aaction%3Dlightbox%26settings%3DeyJpZCI6MTE2NywidXJsIjoiaHR0cHM6XC9cL251cnN0ZXguZWVcL3dwLWNvbnRlbnRcL3VwbG9hZHNcLzIwMjNcLzA2XC9TYXVuYW1hamEuanBnIiwic2xpZGVzaG93IjoiZDAzMzU3OSJ9\">\n\t\t\t\t\t<div class=\"e-gallery-image elementor-gallery-item__image\" data-thumbnail=\"https:\/\/nurstex.ee\/wp-content\/uploads\/2023\/06\/Saunamaja-300x225.jpg\" data-width=\"300\" data-height=\"225\" aria-label=\"\" role=\"img\" ><\/div>\n\t\t\t\t\t\t\t\t\t\t\t<div class=\"elementor-gallery-item__overlay\"><\/div>\n\t\t\t\t\t\t\t\t\t\t\t\t\t\t<\/a>\n\t\t\t\t\t\t\t<a class=\"e-gallery-item elementor-gallery-item elementor-animated-content\" href=\"https:\/\/nurstex.ee\/wp-content\/uploads\/2023\/06\/Suvemaja-2-scaled.jpeg\" data-elementor-open-lightbox=\"yes\" data-elementor-lightbox-slideshow=\"d033579\" data-elementor-lightbox-title=\"Suvemaja (2)\" data-e-action-hash=\"#elementor-action%3Aaction%3Dlightbox%26settings%3DeyJpZCI6MTI1OCwidXJsIjoiaHR0cHM6XC9cL251cnN0ZXguZWVcL3dwLWNvbnRlbnRcL3VwbG9hZHNcLzIwMjNcLzA2XC9TdXZlbWFqYS0yLXNjYWxlZC5qcGVnIiwic2xpZGVzaG93IjoiZDAzMzU3OSJ9\">\n\t\t\t\t\t<div class=\"e-gallery-image elementor-gallery-item__image\" data-thumbnail=\"https:\/\/nurstex.ee\/wp-content\/uploads\/2023\/06\/Suvemaja-2-300x225.jpeg\" data-width=\"300\" data-height=\"225\" aria-label=\"\" role=\"img\" ><\/div>\n\t\t\t\t\t\t\t\t\t\t\t<div class=\"elementor-gallery-item__overlay\"><\/div>\n\t\t\t\t\t\t\t\t\t\t\t\t\t\t<\/a>\n\t\t\t\t\t\t\t<a class=\"e-gallery-item elementor-gallery-item elementor-animated-content\" href=\"https:\/\/nurstex.ee\/wp-content\/uploads\/2023\/06\/BSUP-1.jpg\" data-elementor-open-lightbox=\"yes\" data-elementor-lightbox-slideshow=\"d033579\" data-elementor-lightbox-title=\"B+SUP\" data-e-action-hash=\"#elementor-action%3Aaction%3Dlightbox%26settings%3DeyJpZCI6MTI2MCwidXJsIjoiaHR0cHM6XC9cL251cnN0ZXguZWVcL3dwLWNvbnRlbnRcL3VwbG9hZHNcLzIwMjNcLzA2XC9CU1VQLTEuanBnIiwic2xpZGVzaG93IjoiZDAzMzU3OSJ9\">\n\t\t\t\t\t<div class=\"e-gallery-image elementor-gallery-item__image\" data-thumbnail=\"https:\/\/nurstex.ee\/wp-content\/uploads\/2023\/06\/BSUP-1-300x225.jpg\" data-width=\"300\" data-height=\"225\" aria-label=\"\" role=\"img\" ><\/div>\n\t\t\t\t\t\t\t\t\t\t\t<div class=\"elementor-gallery-item__overlay\"><\/div>\n\t\t\t\t\t\t\t\t\t\t\t\t\t\t<\/a>\n\t\t\t\t\t<\/div>\n\t\t\t\t\t<\/div>\n\t\t\t\t\t<\/div>\n\t\t<\/div>\n\t\t\t\t\t<\/div>\n\t\t<\/section>\n\t\t\t\t<section class=\"elementor-section elementor-top-section elementor-element elementor-element-39e188d6 elementor-section-full_width elementor-section-height-min-height elementor-section-content-middle elementor-section-height-default elementor-section-items-middle\" data-id=\"39e188d6\" data-element_type=\"section\" data-e-type=\"section\" data-settings=\"{&quot;background_background&quot;:&quot;classic&quot;}\">\n\t\t\t\t\t\t<div class=\"elementor-container elementor-column-gap-no\">\n\t\t\t\t\t<div class=\"elementor-column elementor-col-100 elementor-top-column elementor-element elementor-element-39083d0f\" data-id=\"39083d0f\" data-element_type=\"column\" data-e-type=\"column\">\n\t\t\t<div class=\"elementor-widget-wrap elementor-element-populated\">\n\t\t\t\t\t\t<div class=\"elementor-element elementor-element-5c325455 elementor-widget elementor-widget-text-editor\" data-id=\"5c325455\" data-element_type=\"widget\" data-e-type=\"widget\" data-widget_type=\"text-editor.default\">\n\t\t\t\t\t\t\t\t\t<p style=\"text-align: center;\">K\u00fclak\u00fcla, R\u00e4ngu tee, Hiiumaa, 92049, Estonia, N 58\u00ba77`64\u2033, E 22\u00ba48`28\u2033<\/p>\t\t\t\t\t\t\t\t<\/div>\n\t\t\t\t\t<\/div>\n\t\t<\/div>\n\t\t\t\t\t<\/div>\n\t\t<\/section>\n\t\t\t\t<\/div>\n\t\t","protected":false},"excerpt":{"rendered":"<p>Holiday cottages Nurste holiday cottages are located on the west coast of Hiiumaa, on the shore of K\u00fcla Bay, in the quiet and beautiful village of K\u00fclak\u00fcla. The cottages are made up of three different buildings where you can spend time with family and friends and relax. To get away from the daily routine, the [&hellip;]<\/p>\n","protected":false},"author":1,"featured_media":0,"parent":0,"menu_order":0,"comment_status":"closed","ping_status":"closed","template":"","meta":{"footnotes":""},"class_list":["post-1426","page","type-page","status-publish","hentry"],"_links":{"self":[{"href":"https:\/\/nurstex.ee\/en\/wp-json\/wp\/v2\/pages\/1426","targetHints":{"allow":["GET"]}}],"collection":[{"href":"https:\/\/nurstex.ee\/en\/wp-json\/wp\/v2\/pages"}],"about":[{"href":"https:\/\/nurstex.ee\/en\/wp-json\/wp\/v2\/types\/page"}],"author":[{"embeddable":true,"href":"https:\/\/nurstex.ee\/en\/wp-json\/wp\/v2\/users\/1"}],"replies":[{"embeddable":true,"href":"https:\/\/nurstex.ee\/en\/wp-json\/wp\/v2\/comments?post=1426"}],"version-history":[{"count":5,"href":"https:\/\/nurstex.ee\/en\/wp-json\/wp\/v2\/pages\/1426\/revisions"}],"predecessor-version":[{"id":1451,"href":"https:\/\/nurstex.ee\/en\/wp-json\/wp\/v2\/pages\/1426\/revisions\/1451"}],"wp:attachment":[{"href":"https:\/\/nurstex.ee\/en\/wp-json\/wp\/v2\/media?parent=1426"}],"curies":[{"name":"wp","href":"https:\/\/api.w.org\/{rel}","templated":true}]}}