{"id":1428,"date":"2022-04-20T13:36:43","date_gmt":"2022-04-20T12:36:43","guid":{"rendered":"https:\/\/nurstex.ee\/price-list-booking\/"},"modified":"2025-06-02T07:25:36","modified_gmt":"2025-06-02T06:25:36","slug":"price-list-booking","status":"publish","type":"page","link":"https:\/\/nurstex.ee\/en\/price-list-booking\/","title":{"rendered":"Price list \/ Booking"},"content":{"rendered":"\t\t<div data-elementor-type=\"wp-page\" data-elementor-id=\"1428\" class=\"elementor elementor-1428 elementor-644\" data-elementor-post-type=\"page\">\n\t\t\t\t\t\t<section class=\"elementor-section elementor-top-section elementor-element elementor-element-3ec9c8e5 elementor-section-full_width elementor-section-height-min-height elementor-section-items-stretch elementor-section-height-default\" data-id=\"3ec9c8e5\" data-element_type=\"section\" data-e-type=\"section\" data-settings=\"{&quot;background_background&quot;:&quot;classic&quot;}\">\n\t\t\t\t\t\t<div class=\"elementor-container elementor-column-gap-default\">\n\t\t\t\t\t<div class=\"elementor-column elementor-col-50 elementor-top-column elementor-element elementor-element-7f618b92\" data-id=\"7f618b92\" data-element_type=\"column\" data-e-type=\"column\">\n\t\t\t<div class=\"elementor-widget-wrap elementor-element-populated\">\n\t\t\t\t\t\t<div class=\"elementor-element elementor-element-3b705e66 elementor-widget elementor-widget-image\" data-id=\"3b705e66\" data-element_type=\"widget\" data-e-type=\"widget\" data-widget_type=\"image.default\">\n\t\t\t\t\t\t\t\t\t\t\t\t\t\t\t\t<a href=\"https:\/\/nurstex.ee\/en\/\">\n\t\t\t\t\t\t\t<img fetchpriority=\"high\" decoding=\"async\" width=\"5000\" height=\"1137\" src=\"https:\/\/nurstex.ee\/wp-content\/uploads\/2022\/04\/cropped-cropped-Original-on-Transparent-1.png\" class=\"attachment-full size-full wp-image-1344\" alt=\"\" srcset=\"https:\/\/nurstex.ee\/wp-content\/uploads\/2022\/04\/cropped-cropped-Original-on-Transparent-1.png 5000w, https:\/\/nurstex.ee\/wp-content\/uploads\/2022\/04\/cropped-cropped-Original-on-Transparent-1-300x68.png 300w, https:\/\/nurstex.ee\/wp-content\/uploads\/2022\/04\/cropped-cropped-Original-on-Transparent-1-1024x233.png 1024w, https:\/\/nurstex.ee\/wp-content\/uploads\/2022\/04\/cropped-cropped-Original-on-Transparent-1-768x175.png 768w, https:\/\/nurstex.ee\/wp-content\/uploads\/2022\/04\/cropped-cropped-Original-on-Transparent-1-1536x349.png 1536w, https:\/\/nurstex.ee\/wp-content\/uploads\/2022\/04\/cropped-cropped-Original-on-Transparent-1-2048x466.png 2048w\" sizes=\"(max-width: 5000px) 100vw, 5000px\" \/>\t\t\t\t\t\t\t\t<\/a>\n\t\t\t\t\t\t\t\t\t\t\t\t\t\t\t<\/div>\n\t\t\t\t\t<\/div>\n\t\t<\/div>\n\t\t\t\t<div class=\"elementor-column elementor-col-50 elementor-top-column elementor-element elementor-element-2dc8e3a4\" data-id=\"2dc8e3a4\" data-element_type=\"column\" data-e-type=\"column\">\n\t\t\t<div class=\"elementor-widget-wrap elementor-element-populated\">\n\t\t\t\t\t\t<div class=\"elementor-element elementor-element-794668b9 elementor-nav-menu__align-center elementor-nav-menu--stretch elementor-nav-menu__text-align-center elementor-nav-menu--dropdown-tablet elementor-nav-menu--toggle elementor-nav-menu--burger elementor-widget elementor-widget-nav-menu\" data-id=\"794668b9\" data-element_type=\"widget\" data-e-type=\"widget\" data-settings=\"{&quot;full_width&quot;:&quot;stretch&quot;,&quot;layout&quot;:&quot;horizontal&quot;,&quot;submenu_icon&quot;:{&quot;value&quot;:&quot;&lt;svg aria-hidden=\\&quot;true\\&quot; class=\\&quot;e-font-icon-svg e-fas-caret-down\\&quot; viewBox=\\&quot;0 0 320 512\\&quot; xmlns=\\&quot;http:\\\/\\\/www.w3.org\\\/2000\\\/svg\\&quot;&gt;&lt;path d=\\&quot;M31.3 192h257.3c17.8 0 26.7 21.5 14.1 34.1L174.1 354.8c-7.8 7.8-20.5 7.8-28.3 0L17.2 226.1C4.6 213.5 13.5 192 31.3 192z\\&quot;&gt;&lt;\\\/path&gt;&lt;\\\/svg&gt;&quot;,&quot;library&quot;:&quot;fa-solid&quot;},&quot;toggle&quot;:&quot;burger&quot;}\" data-widget_type=\"nav-menu.default\">\n\t\t\t\t\t\t\t\t<nav aria-label=\"Menu\" class=\"elementor-nav-menu--main elementor-nav-menu__container elementor-nav-menu--layout-horizontal e--pointer-underline e--animation-fade\">\n\t\t\t\t<ul id=\"menu-1-794668b9\" class=\"elementor-nav-menu\"><li class=\"menu-item menu-item-type-post_type menu-item-object-page menu-item-432\"><a href=\"https:\/\/nurstex.ee\/puhkemajad\/\" class=\"elementor-item\">Summerhouse<\/a><\/li>\n<li class=\"menu-item menu-item-type-post_type menu-item-object-page menu-item-430\"><a href=\"https:\/\/nurstex.ee\/rannamaja\/\" class=\"elementor-item\">Beach house<\/a><\/li>\n<li class=\"menu-item menu-item-type-post_type menu-item-object-page menu-item-431\"><a href=\"https:\/\/nurstex.ee\/saunamaja\/\" class=\"elementor-item\">Sauna house<\/a><\/li>\n<li class=\"menu-item menu-item-type-post_type menu-item-object-page menu-item-434\"><a href=\"https:\/\/nurstex.ee\/kodukord\/\" class=\"elementor-item\">Rules of Procedure<\/a><\/li>\n<li class=\"menu-item menu-item-type-post_type menu-item-object-page menu-item-646\"><a href=\"https:\/\/nurstex.ee\/hinnakiri\/\" class=\"elementor-item\">Price list \/ Booking<\/a><\/li>\n<li class=\"menu-item menu-item-type-post_type menu-item-object-page menu-item-1161\"><a href=\"https:\/\/nurstex.ee\/tegevused\/\" class=\"elementor-item\">Activities<\/a><\/li>\n<li class=\"menu-item menu-item-type-post_type menu-item-object-page menu-item-433\"><a href=\"https:\/\/nurstex.ee\/kontakt\/\" class=\"elementor-item\">Contact<\/a><\/li>\n<\/ul>\t\t\t<\/nav>\n\t\t\t\t\t<div class=\"elementor-menu-toggle\" role=\"button\" tabindex=\"0\" aria-label=\"Menu Toggle\" aria-expanded=\"false\">\n\t\t\t<svg aria-hidden=\"true\" role=\"presentation\" class=\"elementor-menu-toggle__icon--open e-font-icon-svg e-eicon-menu-bar\" viewBox=\"0 0 1000 1000\" xmlns=\"http:\/\/www.w3.org\/2000\/svg\"><path d=\"M104 333H896C929 333 958 304 958 271S929 208 896 208H104C71 208 42 237 42 271S71 333 104 333ZM104 583H896C929 583 958 554 958 521S929 458 896 458H104C71 458 42 487 42 521S71 583 104 583ZM104 833H896C929 833 958 804 958 771S929 708 896 708H104C71 708 42 737 42 771S71 833 104 833Z\"><\/path><\/svg><svg aria-hidden=\"true\" role=\"presentation\" class=\"elementor-menu-toggle__icon--close e-font-icon-svg e-eicon-close\" viewBox=\"0 0 1000 1000\" xmlns=\"http:\/\/www.w3.org\/2000\/svg\"><path d=\"M742 167L500 408 258 167C246 154 233 150 217 150 196 150 179 158 167 167 154 179 150 196 150 212 150 229 154 242 171 254L408 500 167 742C138 771 138 800 167 829 196 858 225 858 254 829L496 587 738 829C750 842 767 846 783 846 800 846 817 842 829 829 842 817 846 804 846 783 846 767 842 750 829 737L588 500 833 258C863 229 863 200 833 171 804 137 775 137 742 167Z\"><\/path><\/svg>\t\t<\/div>\n\t\t\t\t\t<nav class=\"elementor-nav-menu--dropdown elementor-nav-menu__container\" aria-hidden=\"true\">\n\t\t\t\t<ul id=\"menu-2-794668b9\" class=\"elementor-nav-menu\"><li class=\"menu-item menu-item-type-post_type menu-item-object-page menu-item-432\"><a href=\"https:\/\/nurstex.ee\/puhkemajad\/\" class=\"elementor-item\" tabindex=\"-1\">Summerhouse<\/a><\/li>\n<li class=\"menu-item menu-item-type-post_type menu-item-object-page menu-item-430\"><a href=\"https:\/\/nurstex.ee\/rannamaja\/\" class=\"elementor-item\" tabindex=\"-1\">Beach house<\/a><\/li>\n<li class=\"menu-item menu-item-type-post_type menu-item-object-page menu-item-431\"><a href=\"https:\/\/nurstex.ee\/saunamaja\/\" class=\"elementor-item\" tabindex=\"-1\">Sauna house<\/a><\/li>\n<li class=\"menu-item menu-item-type-post_type menu-item-object-page menu-item-434\"><a href=\"https:\/\/nurstex.ee\/kodukord\/\" class=\"elementor-item\" tabindex=\"-1\">Rules of Procedure<\/a><\/li>\n<li class=\"menu-item menu-item-type-post_type menu-item-object-page menu-item-646\"><a href=\"https:\/\/nurstex.ee\/hinnakiri\/\" class=\"elementor-item\" tabindex=\"-1\">Price list \/ Booking<\/a><\/li>\n<li class=\"menu-item menu-item-type-post_type menu-item-object-page menu-item-1161\"><a href=\"https:\/\/nurstex.ee\/tegevused\/\" class=\"elementor-item\" tabindex=\"-1\">Activities<\/a><\/li>\n<li class=\"menu-item menu-item-type-post_type menu-item-object-page menu-item-433\"><a href=\"https:\/\/nurstex.ee\/kontakt\/\" class=\"elementor-item\" tabindex=\"-1\">Contact<\/a><\/li>\n<\/ul>\t\t\t<\/nav>\n\t\t\t\t\t\t<\/div>\n\t\t\t\t\t<\/div>\n\t\t<\/div>\n\t\t\t\t\t<\/div>\n\t\t<\/section>\n\t\t\t\t<section class=\"elementor-section elementor-top-section elementor-element elementor-element-aafc4e0 elementor-section-boxed elementor-section-height-default elementor-section-height-default\" data-id=\"aafc4e0\" data-element_type=\"section\" data-e-type=\"section\">\n\t\t\t\t\t\t<div class=\"elementor-container elementor-column-gap-default\">\n\t\t\t\t\t<div class=\"elementor-column elementor-col-100 elementor-top-column elementor-element elementor-element-ec41e49\" data-id=\"ec41e49\" data-element_type=\"column\" data-e-type=\"column\">\n\t\t\t<div class=\"elementor-widget-wrap elementor-element-populated\">\n\t\t\t\t\t\t<div class=\"elementor-element elementor-element-2001be2a elementor-widget elementor-widget-heading\" data-id=\"2001be2a\" data-element_type=\"widget\" data-e-type=\"widget\" data-widget_type=\"heading.default\">\n\t\t\t\t\t<h2 class=\"elementor-heading-title elementor-size-default\">Price list and booking  <\/h2>\t\t\t\t<\/div>\n\t\t\t\t\t<\/div>\n\t\t<\/div>\n\t\t\t\t\t<\/div>\n\t\t<\/section>\n\t\t\t\t<section class=\"elementor-section elementor-top-section elementor-element elementor-element-733594cb elementor-section-boxed elementor-section-height-default elementor-section-height-default\" data-id=\"733594cb\" data-element_type=\"section\" data-e-type=\"section\">\n\t\t\t\t\t\t<div class=\"elementor-container elementor-column-gap-default\">\n\t\t\t\t\t<div class=\"elementor-column elementor-col-33 elementor-top-column elementor-element elementor-element-7ca01601\" data-id=\"7ca01601\" data-element_type=\"column\" data-e-type=\"column\">\n\t\t\t<div class=\"elementor-widget-wrap elementor-element-populated\">\n\t\t\t\t\t\t<div class=\"elementor-element elementor-element-2b3a5c1 elementor-widget elementor-widget-text-editor\" data-id=\"2b3a5c1\" data-element_type=\"widget\" data-e-type=\"widget\" data-widget_type=\"text-editor.default\">\n\t\t\t\t\t\t\t\t\t<ul>\n<li>Summerhouse main room, 6 places = 170\u20ac\/day<\/li>\n<\/ul>\n<p style=\"padding-left: 40px;\">01.09. &#8211; 01.05. = 120\u20ac\/day<\/p>\n<ul>\n<li>Summerhouse extra room, 2 places = 60\u20ac\/day<\/li>\n<\/ul>\n<p style=\"padding-left: 40px;\"><span style=\"text-align: center;\">01.09. &#8211; 01.05. = 40\u20ac\/day<\/span><\/p>\n<ul>\n<li>Sauna house, 2 places = 120\u20ac\/night<\/li>\n<\/ul>\n<p style=\"padding-left: 40px;\">01.09. -01.05. = 80\u20ac\/day<\/p>\n<ul>\n<li>\n<p>Sauna = 80\u20ac\/night<\/p>\n<\/li>\n<\/ul>\n<ul>\n<li>\n<p>The whole complex (main room of the Summerhouse, additional room of the Summerhouse and Sauna House, 10 sleeping places) = 320\u20ac\/night.<\/p>\n<\/li>\n<li>Beach house = 150\u20ac\/night<\/li>\n<\/ul>\n<p style=\"padding-left: 40px;\">01.09. &#8211; 01.05. = 120\u20ac\/day<\/p>\n<ul>\n<li>Extra place in a camping bed 25\u20ac\/person.<\/li><li>Camping with your own equipment 10\u20ac\/person. We do not offer a separate camping service, it can only be added if the party staying in the house wishes to install a tent. <\/li>\n<\/ul>\n<div><strong>Conditions for cancellation:<\/strong><\/div>\n<div data-testid=\"qa-baserow-subtitle-cancellation-policy\">\n<div>\n<div>Cancellations up to 30 days before arrival will be fully refunded. Cancellations made less than 30 days before arrival but within 48 hours of booking and at least 14 days before arrival will be fully refunded.  After that and up to seven days before arrival, 50% will be refunded. After that, no refunds will be made.<\/div>\n<\/div>\n<\/div>\t\t\t\t\t\t\t\t<\/div>\n\t\t\t\t<div class=\"elementor-element elementor-element-a3d5544 elementor-widget-divider--view-line elementor-widget elementor-widget-divider\" data-id=\"a3d5544\" data-element_type=\"widget\" data-e-type=\"widget\" data-widget_type=\"divider.default\">\n\t\t\t\t\t\t\t<div class=\"elementor-divider\">\n\t\t\t<span class=\"elementor-divider-separator\">\n\t\t\t\t\t\t<\/span>\n\t\t<\/div>\n\t\t\t\t\t\t<\/div>\n\t\t\t\t<div class=\"elementor-element elementor-element-78b52bf elementor-widget elementor-widget-text-editor\" data-id=\"78b52bf\" data-element_type=\"widget\" data-e-type=\"widget\" data-widget_type=\"text-editor.default\">\n\t\t\t\t\t\t\t\t\t<p>We accept bookings by e-mail.<\/p><ul><li>Liisa &#8211; liisa.apri@gmail.com \/ +372 5349 7943<\/li><li>Agur &#8211; agur.nurs@gmail.com \/ +372 5647 1552  <\/li><\/ul>\t\t\t\t\t\t\t\t<\/div>\n\t\t\t\t<div class=\"elementor-element elementor-element-9368dd8 elementor-widget-divider--view-line elementor-widget elementor-widget-divider\" data-id=\"9368dd8\" data-element_type=\"widget\" data-e-type=\"widget\" data-widget_type=\"divider.default\">\n\t\t\t\t\t\t\t<div class=\"elementor-divider\">\n\t\t\t<span class=\"elementor-divider-separator\">\n\t\t\t\t\t\t<\/span>\n\t\t<\/div>\n\t\t\t\t\t\t<\/div>\n\t\t\t\t<div class=\"elementor-element elementor-element-d5e61a9 elementor-widget elementor-widget-text-editor\" data-id=\"d5e61a9\" data-element_type=\"widget\" data-e-type=\"widget\" data-widget_type=\"text-editor.default\">\n\t\t\t\t\t\t\t\t\t<p>Subscriptions can be paid for:<\/p><p>NursTex O\u00dc<br>Registration code: 14411333<br>Swedbank: EE192200221068549706<br>Swedbank BIC code is HABAEE2X.<\/p>\t\t\t\t\t\t\t\t<\/div>\n\t\t\t\t\t<\/div>\n\t\t<\/div>\n\t\t\t\t<div class=\"elementor-column elementor-col-66 elementor-top-column elementor-element elementor-element-47852f37\" data-id=\"47852f37\" data-element_type=\"column\" data-e-type=\"column\">\n\t\t\t<div class=\"elementor-widget-wrap elementor-element-populated\">\n\t\t\t\t\t\t\t<\/div>\n\t\t<\/div>\n\t\t\t\t\t<\/div>\n\t\t<\/section>\n\t\t\t\t<section class=\"elementor-section elementor-top-section elementor-element elementor-element-59a47276 elementor-section-full_width elementor-section-height-min-height elementor-section-content-middle elementor-section-height-default elementor-section-items-middle\" data-id=\"59a47276\" data-element_type=\"section\" data-e-type=\"section\" data-settings=\"{&quot;background_background&quot;:&quot;classic&quot;}\">\n\t\t\t\t\t\t<div class=\"elementor-container elementor-column-gap-no\">\n\t\t\t\t\t<div class=\"elementor-column elementor-col-100 elementor-top-column elementor-element elementor-element-62d02d1e\" data-id=\"62d02d1e\" data-element_type=\"column\" data-e-type=\"column\">\n\t\t\t<div class=\"elementor-widget-wrap elementor-element-populated\">\n\t\t\t\t\t\t<div class=\"elementor-element elementor-element-1c62fd4a elementor-widget elementor-widget-text-editor\" data-id=\"1c62fd4a\" data-element_type=\"widget\" data-e-type=\"widget\" data-widget_type=\"text-editor.default\">\n\t\t\t\t\t\t\t\t\t<p style=\"text-align: center;\">K\u00fclak\u00fcla, R\u00e4ngu tee, Hiiumaa, 92049, Estonia, N 58\u00ba77`64\u2033, E 22\u00ba48`28\u2033<\/p>\t\t\t\t\t\t\t\t<\/div>\n\t\t\t\t\t<\/div>\n\t\t<\/div>\n\t\t\t\t\t<\/div>\n\t\t<\/section>\n\t\t\t\t<\/div>\n\t\t","protected":false},"excerpt":{"rendered":"<p>Price list and booking Summerhouse main room, 6 places = 170\u20ac\/day 01.09. &#8211; 01.05. = 120\u20ac\/day Summerhouse extra room, 2 places = 60\u20ac\/day 01.09. &#8211; 01.05. = 40\u20ac\/day Sauna house, 2 places = 120\u20ac\/night 01.09. -01.05. = 80\u20ac\/day Sauna = 80\u20ac\/night The whole complex (main room of the Summerhouse, additional room of the Summerhouse and [&hellip;]<\/p>\n","protected":false},"author":1,"featured_media":0,"parent":0,"menu_order":0,"comment_status":"closed","ping_status":"closed","template":"","meta":{"footnotes":""},"class_list":["post-1428","page","type-page","status-publish","hentry"],"_links":{"self":[{"href":"https:\/\/nurstex.ee\/en\/wp-json\/wp\/v2\/pages\/1428","targetHints":{"allow":["GET"]}}],"collection":[{"href":"https:\/\/nurstex.ee\/en\/wp-json\/wp\/v2\/pages"}],"about":[{"href":"https:\/\/nurstex.ee\/en\/wp-json\/wp\/v2\/types\/page"}],"author":[{"embeddable":true,"href":"https:\/\/nurstex.ee\/en\/wp-json\/wp\/v2\/users\/1"}],"replies":[{"embeddable":true,"href":"https:\/\/nurstex.ee\/en\/wp-json\/wp\/v2\/comments?post=1428"}],"version-history":[{"count":2,"href":"https:\/\/nurstex.ee\/en\/wp-json\/wp\/v2\/pages\/1428\/revisions"}],"predecessor-version":[{"id":1481,"href":"https:\/\/nurstex.ee\/en\/wp-json\/wp\/v2\/pages\/1428\/revisions\/1481"}],"wp:attachment":[{"href":"https:\/\/nurstex.ee\/en\/wp-json\/wp\/v2\/media?parent=1428"}],"curies":[{"name":"wp","href":"https:\/\/api.w.org\/{rel}","templated":true}]}}